{"id":74,"date":"2016-07-02T21:28:17","date_gmt":"2016-07-02T21:28:17","guid":{"rendered":"http:\/\/radioflorestal.com.br\/v1\/?page_id=74"},"modified":"2018-06-09T15:17:00","modified_gmt":"2018-06-09T15:17:00","slug":"programacao","status":"publish","type":"page","link":"https:\/\/radioflorestal.com.br\/v1\/programacao\/","title":{"rendered":"GRANDE DE PROGRAMA\u00c7\u00c3O DA R\u00c1DIO FLORESTAL FM"},"content":{"rendered":"","protected":false},"excerpt":{"rendered":"","protected":false},"author":1,"featured_media":0,"parent":0,"menu_order":0,"comment_status":"open","ping_status":"open","template":"page-programacao.php","meta":[],"_links":{"self":[{"href":"https:\/\/radioflorestal.com.br\/v1\/wp-json\/wp\/v2\/pages\/74"}],"collection":[{"href":"https:\/\/radioflorestal.com.br\/v1\/wp-json\/wp\/v2\/pages"}],"about":[{"href":"https:\/\/radioflorestal.com.br\/v1\/wp-json\/wp\/v2\/types\/page"}],"author":[{"embeddable":true,"href":"https:\/\/radioflorestal.com.br\/v1\/wp-json\/wp\/v2\/users\/1"}],"replies":[{"embeddable":true,"href":"https:\/\/radioflorestal.com.br\/v1\/wp-json\/wp\/v2\/comments?post=74"}],"version-history":[{"count":4,"href":"https:\/\/radioflorestal.com.br\/v1\/wp-json\/wp\/v2\/pages\/74\/revisions"}],"predecessor-version":[{"id":118,"href":"https:\/\/radioflorestal.com.br\/v1\/wp-json\/wp\/v2\/pages\/74\/revisions\/118"}],"wp:attachment":[{"href":"https:\/\/radioflorestal.com.br\/v1\/wp-json\/wp\/v2\/media?parent=74"}],"curies":[{"name":"wp","href":"https:\/\/api.w.org\/{rel}","templated":true}]}}